{"id":6,"date":"2021-09-08T09:09:01","date_gmt":"2021-09-08T09:09:01","guid":{"rendered":"https:\/\/poim.casomes.ro\/colibri-wp\/"},"modified":"2024-10-21T07:43:59","modified_gmt":"2024-10-21T07:43:59","slug":"colibri-wp","status":"publish","type":"page","link":"https:\/\/poim.casomes.ro\/en\/","title":{"rendered":"Home"},"content":{"rendered":"<div data-colibri-id=\"6-c1\" class=\"style-209 style-local-6-c1 position-relative\">\n  <!---->\n  <div data-colibri-component=\"section\" data-colibri-id=\"6-c2\" id=\"info\" class=\"h-section h-section-global-spacing d-flex align-items-lg-center align-items-md-center align-items-center style-229 style-local-6-c2 position-relative\">\n    <!---->\n    <!---->\n    <div class=\"h-section-grid-container h-section-boxed-container\">\n      <div data-colibri-id=\"6-c7\" class=\"h-row-container gutters-row-lg-2 gutters-row-md-2 gutters-row-2 gutters-row-v-lg-2 gutters-row-v-md-2 gutters-row-v-2 style-234 style-local-6-c7 position-relative\">\n        <!---->\n        <div class=\"h-row justify-content-lg-center justify-content-md-center justify-content-center align-items-lg-stretch align-items-md-stretch align-items-stretch gutters-col-lg-2 gutters-col-md-2 gutters-col-2 gutters-col-v-lg-2 gutters-col-v-md-2 gutters-col-v-2\">\n          <!---->\n          <div class=\"h-column h-column-container d-flex h-col-lg-auto h-col-md-auto h-col-auto style-235-outer style-local-6-c8-outer\">\n            <div data-colibri-id=\"6-c8\" class=\"d-flex h-flex-basis h-column__inner h-px-lg-2 h-px-md-2 h-px-2 v-inner-lg-2 v-inner-md-2 v-inner-2 style-235 style-local-6-c8 position-relative\">\n              <!---->\n              <!---->\n              <div class=\"w-100 h-y-container h-column__content h-column__v-align flex-basis-100 align-self-lg-start align-self-md-start align-self-start\">\n                <!---->\n                <div data-colibri-id=\"6-c9\" class=\"h-global-transition-all h-heading style-236 style-local-6-c9 position-relative h-element\">\n                  <!---->\n                  <div class=\"h-heading__outer style-236 style-local-6-c9\">\n                    <!---->\n                    <!---->\n                    <h1 class=\"\">QUALITY WATER AND MODERN SEWERAGE AT YOUR HOME!<\/h1>\n                  <\/div>\n                <\/div>\n                <div data-colibri-id=\"6-c10\" class=\"h-global-transition-all h-heading style-237 style-local-6-c10 position-relative h-element\">\n                  <!---->\n                  <div class=\"h-heading__outer style-237 style-local-6-c10\">\n                    <!---->\n                    <!---->\n                    <h2 class=\"\">We build for <em style=\"font-family: &quot;Playfair Display&quot;; color: rgb(3, 169, 244);\"><span data-animation-duration=\"4\" data-type-animation=\"rotate-1\" data-colibri-component=\"fancy-title\"><span class=\"ah-headline rotate-1\"><span style=\"position: relative\" class=\"ah-words-wrapper\"><b class=\"is-visible\">future!<\/b><b>a healthy environment!<\/b><\/span><\/span><\/span><\/em><\/h2>\n                  <\/div>\n                <\/div>\n                <div data-colibri-id=\"6-c11\" class=\"h-lead h-text h-text-component style-238 style-local-6-c11 classJustify position-relative h-element\">\n                  <!---->\n                  <!---->\n                  <div class=\"\">\n                    <p><span style=\"color: rgb(0, 0, 0); font-weight: 400;\">Compania de Ap\u0103 Some\u0219 S.A. continues the investment program through the new Regional Project for the Development of Water and Wastewater Infrastructure in Cluj and S\u0103laj counties, during 2014-2020. The investments within the Project represent an effort to ensure the highest possible degree of coverage with centralized water and wastewater services in the Company's operating area.<\/span><\/p>\n                    <p><span style=\"color: rgb(0, 0, 0); font-weight: 400;\">Fulfilling the commitments assumed by Romania in the negotiation process regarding the environmental protection implies the realization of some major investment projects in the environmental infrastructure, including in the water supply and wastewater sector.<\/span><\/p>\n                    <p><span style=\"color: rgb(0, 0, 0); font-weight: 400;\">Proiectul regional se adreseaz\u0103 at\u00e2t nevoilor din sectorul de ap\u0103 din sistemele \u0219i aglomer\u0103rile urbane, acolo unde impactul asupra mediului este de obicei mai mare \u0219i unde popula\u021bia beneficiar\u0103 este mai numeroas\u0103, c\u00e2t \u0219i celor din zonele rurale.<\/span><\/p>\n                    <p>\n                      <br>\n                    <\/p>\n                  <\/div>\n                <\/div>\n              <\/div>\n            <\/div>\n          <\/div>\n        <\/div>\n      <\/div>\n      <div data-colibri-id=\"6-c3\" class=\"h-row-container gutters-row-lg-0 gutters-row-md-0 gutters-row-0 gutters-row-v-lg-0 gutters-row-v-md-0 gutters-row-v-0 style-230 style-local-6-c3 h-overflow-hidden position-relative\">\n        <!---->\n        <div class=\"h-row justify-content-lg-center justify-content-md-center justify-content-center align-items-lg-end align-items-md-end align-items-end gutters-col-lg-0 gutters-col-md-0 gutters-col-0 gutters-col-v-lg-0 gutters-col-v-md-0 gutters-col-v-0\">\n          <!---->\n          <div data-aos=\"fadeInUp\" class=\"h-column h-column-container d-flex h-col-lg-auto h-col-md-auto h-col-auto align-self-lg-end align-self-md-end align-self-end style-231-outer style-local-6-c4-outer\">\n            <div data-colibri-id=\"6-c4\" class=\"d-flex h-flex-basis h-column__inner h-ui-empty-state-container h-px-lg-0 h-px-md-0 h-px-0 v-inner-lg-0 v-inner-md-0 v-inner-0 style-231 style-local-6-c4 position-relative\">\n              <!---->\n              <!---->\n              <div class=\"w-100 h-y-container h-column__content h-column__v-align flex-basis-100\">\n                <!---->\n              <\/div>\n            <\/div>\n          <\/div>\n          <div data-aos=\"fadeIn\" class=\"h-column h-column-container d-flex h-col-lg-auto h-col-md-auto h-col-auto align-self-lg-end align-self-md-end align-self-end style-232-outer style-local-6-c5-outer\">\n            <div data-colibri-id=\"6-c5\" class=\"d-flex h-flex-basis h-column__inner h-ui-empty-state-container h-px-lg-0 h-px-md-0 h-px-0 v-inner-lg-0 v-inner-md-0 v-inner-0 style-232 style-local-6-c5 position-relative\">\n              <!---->\n              <!---->\n              <div class=\"w-100 h-y-container h-column__content h-column__v-align flex-basis-100\">\n                <!---->\n              <\/div>\n            <\/div>\n          <\/div>\n          <div data-aos=\"fadeInUp\" class=\"h-column h-column-container d-flex h-col-lg-auto h-col-md-auto h-col-auto align-self-lg-end align-self-md-end align-self-end style-233-outer style-local-6-c6-outer\">\n            <div data-colibri-id=\"6-c6\" class=\"d-flex h-flex-basis h-column__inner h-ui-empty-state-container h-px-lg-0 h-px-md-0 h-px-0 v-inner-lg-0 v-inner-md-0 v-inner-0 style-233 style-local-6-c6 position-relative\">\n              <!---->\n              <!---->\n              <div class=\"w-100 h-y-container h-column__content h-column__v-align flex-basis-100\">\n                <!---->\n              <\/div>\n            <\/div>\n          <\/div>\n        <\/div>\n      <\/div>\n    <\/div>\n  <\/div>\n  <div data-colibri-component=\"section\" data-colibri-id=\"6-c12\" id=\"obiectiv\" class=\"h-section h-section-global-spacing d-flex align-items-lg-center align-items-md-center align-items-center style-241 style-local-6-c12 position-relative\">\n    <!---->\n    <!---->\n    <div class=\"h-section-grid-container h-section-boxed-container\">\n      <!---->\n      <div data-colibri-id=\"6-c13\" class=\"h-row-container gutters-row-lg-2 gutters-row-md-2 gutters-row-2 gutters-row-v-lg-2 gutters-row-v-md-2 gutters-row-v-2 style-242 style-local-6-c13 position-relative\">\n        <!---->\n        <div class=\"h-row justify-content-lg-center justify-content-md-center justify-content-center align-items-lg-stretch align-items-md-stretch align-items-stretch gutters-col-lg-2 gutters-col-md-2 gutters-col-2 gutters-col-v-lg-2 gutters-col-v-md-2 gutters-col-v-2\">\n          <!---->\n          <div class=\"h-column h-column-container d-flex h-col-lg-auto h-col-md-auto h-col-auto style-243-outer style-local-6-c14-outer\">\n            <div data-colibri-id=\"6-c14\" class=\"d-flex h-flex-basis h-column__inner h-px-lg-2 h-px-md-2 h-px-2 v-inner-lg-2 v-inner-md-2 v-inner-2 style-243 style-local-6-c14 position-relative\">\n              <!---->\n              <!---->\n              <div class=\"w-100 h-y-container h-column__content h-column__v-align flex-basis-100 align-self-lg-start align-self-md-start align-self-start\">\n                <!---->\n                <div data-colibri-id=\"6-c15\" class=\"h-global-transition-all h-heading style-244 style-local-6-c15 position-relative h-element\">\n                  <!---->\n                  <div class=\"h-heading__outer style-244 style-local-6-c15\">\n                    <!---->\n                    <!---->\n                    <h2 class=\"\">The regional project for the development of water and wastewater infrastructure in Cluj and S\u0103laj counties, in the period 2014-2020 \u2033 is co-financed by the Large Infrastructure Operational Program 2014-2020, within the Specific Objective 3.2 Development of Integrated Water and Wastewater Infrastructure<\/h2>\n                  <\/div>\n                <\/div>\n              <\/div>\n            <\/div>\n          <\/div>\n          <div class=\"h-column h-column-container d-flex h-col-lg-auto h-col-md-auto h-col-auto style-249-outer style-local-6-c16-outer\">\n            <div data-colibri-id=\"6-c16\" class=\"d-flex h-flex-basis h-column__inner h-px-lg-2 h-px-md-2 h-px-2 v-inner-lg-2 v-inner-md-2 v-inner-2 style-249 style-local-6-c16 position-relative\">\n              <!---->\n              <!---->\n              <div class=\"w-100 h-y-container h-column__content h-column__v-align flex-basis-100 align-self-lg-center align-self-md-center align-self-center\">\n                <!---->\n                <div data-colibri-id=\"6-c17\" data-aos=\"fadeInUp\" class=\"d-block style-250 style-local-6-c17 position-relative h-element\">\n                  <!---->\n                  <div class=\"h-image__frame-container-outer\">\n                    <div class=\"h-image__frame-container\">\n                      <!---->\n                      <!---->\n                      <img loading=\"lazy\" decoding=\"async\" width=\"1920\" height=\"1260\" src=\"https:\/\/poim.casomes.ro\/wp-content\/uploads\/2021\/09\/water-5027549_1920.jpg\" class=\"wp-image-131 style-250-image style-local-6-c17-image\" alt=\"\" srcset=\"https:\/\/poim.casomes.ro\/wp-content\/uploads\/2021\/09\/water-5027549_1920.jpg 1920w, https:\/\/poim.casomes.ro\/wp-content\/uploads\/2021\/09\/water-5027549_1920-300x197.jpg 300w, https:\/\/poim.casomes.ro\/wp-content\/uploads\/2021\/09\/water-5027549_1920-1024x672.jpg 1024w, https:\/\/poim.casomes.ro\/wp-content\/uploads\/2021\/09\/water-5027549_1920-768x504.jpg 768w, https:\/\/poim.casomes.ro\/wp-content\/uploads\/2021\/09\/water-5027549_1920-1536x1008.jpg 1536w\" sizes=\"auto, (max-width: 1920px) 100vw, 1920px\" \/>\n                      <div class=\"h-image__frame style-250-frameImage style-local-6-c17-frameImage\"><\/div>\n                    <\/div>\n                  <\/div>\n                <\/div>\n              <\/div>\n            <\/div>\n          <\/div>\n        <\/div>\n      <\/div>\n      <div data-colibri-id=\"6-c18\" class=\"h-row-container gutters-row-lg-2 gutters-row-md-2 gutters-row-0 gutters-row-v-lg-2 gutters-row-v-md-2 gutters-row-v-2 style-1066 style-local-6-c18 position-relative\">\n        <!---->\n        <div class=\"h-row justify-content-lg-center justify-content-md-center justify-content-center align-items-lg-stretch align-items-md-stretch align-items-stretch gutters-col-lg-2 gutters-col-md-2 gutters-col-0 gutters-col-v-lg-2 gutters-col-v-md-2 gutters-col-v-2\">\n          <!---->\n          <div class=\"h-column h-column-container d-flex h-col-lg-auto h-col-md-auto h-col-auto style-1067-outer style-local-6-c19-outer\">\n            <div data-colibri-id=\"6-c19\" class=\"d-flex h-flex-basis h-column__inner h-px-lg-2 h-px-md-2 h-px-2 v-inner-lg-2 v-inner-md-2 v-inner-2 style-1067 style-local-6-c19 position-relative\">\n              <!---->\n              <!---->\n              <div class=\"w-100 h-y-container h-column__content h-column__v-align flex-basis-100 align-self-lg-start align-self-md-start align-self-start\">\n                <!---->\n                <div data-colibri-id=\"6-c20\" class=\"h-lead h-text h-text-component style-246 style-local-6-c20 classJustify position-relative h-element\">\n                  <!---->\n                  <!---->\n                  <div class=\"\">\n                    <p>\u201e<em>Proiectul regional de dezvoltare a infrastructurii de ap\u0103 \u0219i ap\u0103 uzat\u0103 din jude\u021bele Cluj \u0219i S\u0103laj, \u00een perioada 2014-2020\u201d<\/em>, cofinan\u021bat prin Programul Opera\u021bional Infrastructur\u0103 Mare, POIM 2014-2020, nu a putut fi finalizat\n                      fizic \/ implementat integral p\u00e2n\u0103 la data de 31.12.2023, data limit\u0103 de eligibilitate a cheltuielilor \u00een conformitate cu prevederile Regulamentul (UE) 2013\/1303 aplicabile acestui program opera\u021bional, fiind necesar\u0103 etapizarea (fazarea)\n                      Proiectului, respectiv modificarea perioadei de implementare \u0219i \u00eemp\u0103r\u021birea proiectului \u00een 2 etape (faze), astfel \u00eenc\u00e2t prima etap\u0103 a fost finan\u021bat\u0103 \u00een cadrul POIM 2014-2020, iar a doua etap\u0103 este finan\u021bat\u0103 \u00een Programul Dezvoltare\n                      Durabil\u0103, PDD 2021-2027.<span style=\"color: rgb(0, 0, 0); font-family: &quot;Open Sans&quot;; font-size: 15px; font-weight: 400;\"><br><br>Improving the water and wastewater infrastructure in Cluj and S\u0103laj counties by expanding and developing the drinking water supply service, being microbiologically controlled, in conditions of safety and health protection in localities with over 50 inhabitants and ensuring the collection and treatment of wastewater for agglomerations greater than 2,000 le to comply with the requirements of European directives on the quality of water intended for human consumption.<\/span><\/p>\n                  <\/div>\n                <\/div>\n              <\/div>\n            <\/div>\n          <\/div>\n        <\/div>\n      <\/div>\n    <\/div>\n  <\/div>\n  <div data-colibri-component=\"section\" data-colibri-id=\"6-c21\" id=\"about\" class=\"h-section h-section-global-spacing d-flex align-items-lg-center align-items-md-center align-items-center style-251 style-local-6-c21 position-relative\">\n    <!---->\n    <!---->\n    <div class=\"h-section-grid-container h-section-boxed-container\">\n      <!---->\n      <div data-colibri-id=\"6-c22\" class=\"h-row-container gutters-row-lg-0 gutters-row-md-0 gutters-row-0 gutters-row-v-lg-0 gutters-row-v-md-0 gutters-row-v-0 style-252 style-local-6-c22 position-relative\">\n        <!---->\n        <div class=\"h-row justify-content-lg-center justify-content-md-center justify-content-center align-items-lg-stretch align-items-md-stretch align-items-stretch gutters-col-lg-0 gutters-col-md-0 gutters-col-0 gutters-col-v-lg-0 gutters-col-v-md-0 gutters-col-v-0\">\n          <!---->\n          <div data-aos=\"fadeIn\" class=\"h-column h-column-container d-flex h-col-lg-auto h-col-md-auto h-col-auto style-253-outer style-local-6-c23-outer\">\n            <div data-colibri-id=\"6-c23\" class=\"d-flex h-flex-basis h-column__inner h-ui-empty-state-container h-px-lg-0 h-px-md-0 h-px-0 v-inner-lg-0 v-inner-md-0 v-inner-0 style-253 style-local-6-c23 position-relative\">\n              <!---->\n              <!---->\n              <div class=\"w-100 h-y-container h-column__content h-column__v-align flex-basis-100\">\n                <!---->\n              <\/div>\n            <\/div>\n          <\/div>\n          <div class=\"h-column h-column-container d-flex h-col-lg-auto h-col-md-auto h-col-auto style-254-outer style-local-6-c24-outer\">\n            <div data-colibri-id=\"6-c24\" class=\"d-flex h-flex-basis h-column__inner h-px-lg-3 h-px-md-3 h-px-3 v-inner-lg-3 v-inner-md-3 v-inner-3 style-254 style-local-6-c24 position-relative\">\n              <!---->\n              <!---->\n              <div class=\"w-100 h-y-container h-column__content h-column__v-align flex-basis-100 align-self-lg-start align-self-md-start align-self-start\">\n                <!---->\n                <div data-colibri-id=\"6-c25\" class=\"h-global-transition-all h-heading style-255 style-local-6-c25 position-relative h-element\">\n                  <!---->\n                  <div class=\"h-heading__outer style-255 style-local-6-c25\">\n                    <!---->\n                    <!---->\n                    <h2 class=\"\">Proposed investments<\/h2>\n                  <\/div>\n                <\/div>\n                <div data-colibri-id=\"6-c26\" class=\"h-text h-text-component style-257 style-local-6-c26 position-relative h-element\">\n                  <!---->\n                  <!---->\n                  <div class=\"\">\n                    <ul>\n                      <li><span style=\"color: rgb(0, 0, 0);\">Increasing the degree of connection to drinking water supply services, being microbiologically controlled, in conditions of safety and health protection, by expanding the water supply within two existing zonal systems: Cluj Zonal System and Huedin Zonal System - to ensure compliance with Directive 98\/83 \/ EC;<\/span><\/li>\n                    <\/ul>\n                    <p><span style=\"color: rgb(0, 0, 0);\"><span class=\"ql-cursor\"><\/span><\/span>\n                    <\/p>\n                    <ul>\n                      <li><span style=\"color: rgb(0, 0, 0);\">Ensuring the collection and treatment of wastewater in 11 agglomerations larger than 2,000 p.e. in order to ensure compliance with Directive 91\/271 \/ EEC.<\/span><\/li>\n                    <\/ul>\n                    <p>\n                      <br>\n                    <\/p>\n                  <\/div>\n                <\/div>\n              <\/div>\n            <\/div>\n          <\/div>\n        <\/div>\n      <\/div>\n    <\/div>\n  <\/div>\n  <div data-colibri-component=\"section\" data-colibri-id=\"6-c27\" id=\"custom\" class=\"h-section h-section-global-spacing d-flex align-items-lg-center align-items-md-center align-items-center style-258 style-local-6-c27 position-relative\">\n    <!---->\n    <!---->\n    <div class=\"h-section-grid-container h-section-boxed-container\">\n      <!---->\n      <div data-colibri-id=\"6-c28\" class=\"h-row-container gutters-row-lg-2 gutters-row-md-2 gutters-row-0 gutters-row-v-lg-2 gutters-row-v-md-2 gutters-row-v-2 style-259 style-local-6-c28 position-relative\">\n        <!---->\n        <div class=\"h-row justify-content-lg-center justify-content-md-center justify-content-center align-items-lg-stretch align-items-md-stretch align-items-stretch gutters-col-lg-2 gutters-col-md-2 gutters-col-0 gutters-col-v-lg-2 gutters-col-v-md-2 gutters-col-v-2\">\n          <!---->\n          <div class=\"h-column h-column-container d-flex h-col-lg-auto h-col-md-auto h-col-auto style-260-outer style-local-6-c29-outer\">\n            <div data-colibri-id=\"6-c29\" class=\"d-flex h-flex-basis h-column__inner h-px-lg-2 h-px-md-2 h-px-2 v-inner-lg-2 v-inner-md-2 v-inner-2 style-260 style-local-6-c29 position-relative\">\n              <!---->\n              <!---->\n              <div class=\"w-100 h-y-container h-column__content h-column__v-align flex-basis-100 align-self-lg-start align-self-md-start align-self-start\">\n                <!---->\n                <div data-colibri-id=\"6-c30\" class=\"style-261 style-local-6-c30 position-relative h-element\">\n                  <!---->\n                  <div class=\"\">\n                    <iframe loading=\"lazy\" src=\"https:\/\/www.facebook.com\/plugins\/page.php?href=https%3A%2F%2Fwww.facebook.com%2FCompaniaApaSomes&amp;tabs&amp;width=340&amp;height=130&amp;small_header=false&amp;adapt_container_width=true&amp;hide_cover=false&amp;show_facepile=true&amp;appId\"\n                      width=\"340\" height=\"130\" style=\"border:none;overflow:hidden\" scrolling=\"no\" frameborder=\"0\" allowfullscreen=\"true\" allow=\"autoplay; clipboard-write; encrypted-media; picture-in-picture; web-share\"><\/iframe>\n                  <\/div>\n                <\/div>\n              <\/div>\n            <\/div>\n          <\/div>\n        <\/div>\n      <\/div>\n    <\/div>\n  <\/div>\n<\/div>","protected":false},"excerpt":{"rendered":"<p>AP\u0102 DE CALITATE \u0218I CANALIZARE MODERN\u0102 LA TINE ACAS\u0102! Construim pentru viitor!un&nbsp;mediu&nbsp;s\u0103n\u0103tos! Compania de Ap\u0103 Some\u0219 S.A. continu\u0103 programul de investi\u021bii prin noul Proiect Regional de Dezvoltare a Infrastructurii de ap\u0103 \u0219i ap\u0103 uzat\u0103 \u00een jude\u021bele Cluj \u0219i S\u0103laj, \u00een perioada 2014-2020. Investi\u021biile cuprinse \u00een Proiect reprezint\u0103 un efort de a asigura un grad c\u00e2t [&hellip;]<\/p>","protected":false},"author":1,"featured_media":0,"parent":0,"menu_order":0,"comment_status":"closed","ping_status":"closed","template":"page-templates\/homepage.php","meta":{"footnotes":""},"class_list":["post-6","page","type-page","status-publish","hentry"],"aioseo_notices":[],"_links":{"self":[{"href":"https:\/\/poim.casomes.ro\/en\/wp-json\/wp\/v2\/pages\/6","targetHints":{"allow":["GET"]}}],"collection":[{"href":"https:\/\/poim.casomes.ro\/en\/wp-json\/wp\/v2\/pages"}],"about":[{"href":"https:\/\/poim.casomes.ro\/en\/wp-json\/wp\/v2\/types\/page"}],"author":[{"embeddable":true,"href":"https:\/\/poim.casomes.ro\/en\/wp-json\/wp\/v2\/users\/1"}],"replies":[{"embeddable":true,"href":"https:\/\/poim.casomes.ro\/en\/wp-json\/wp\/v2\/comments?post=6"}],"version-history":[{"count":20,"href":"https:\/\/poim.casomes.ro\/en\/wp-json\/wp\/v2\/pages\/6\/revisions"}],"predecessor-version":[{"id":4592,"href":"https:\/\/poim.casomes.ro\/en\/wp-json\/wp\/v2\/pages\/6\/revisions\/4592"}],"wp:attachment":[{"href":"https:\/\/poim.casomes.ro\/en\/wp-json\/wp\/v2\/media?parent=6"}],"curies":[{"name":"wp","href":"https:\/\/api.w.org\/{rel}","templated":true}]}}